{"id":4,"date":"2014-01-25T17:40:27","date_gmt":"2014-01-25T17:40:27","guid":{"rendered":"http:\/\/finsk1946.dk\/?page_id=4"},"modified":"2017-03-21T12:12:40","modified_gmt":"2017-03-21T12:12:40","slug":"hvem-er-jeg","status":"publish","type":"page","link":"https:\/\/finsk1946.dk\/","title":{"rendered":"Hvem er jeg"},"content":{"rendered":"<p style=\"text-align: center;\"><strong>I dag er jeg pensionist, med mange gode interesser.<\/strong><\/p>\n<p style=\"text-align: center;\"><strong>Tidligere har jeg arbejdet p\u00e5 K\u00f8benhavns Universitet<\/strong><br \/>\n<strong> i IT-afdelingen i mere end 40 \u00e5r.<\/strong><\/p>\n<p style=\"text-align: center;\"><strong>Jeg har spillet trompet siden jeg var 10 \u00e5r og dyrker stadig musik.<\/strong><br \/>\n<strong> Spiller i dag i et Brass Band samt 2 kvintetter.<\/strong><\/p>\n<p style=\"text-align: center;\"><strong>Jeg fik mit f\u00f8rste kamera da jeg var 12 \u00e5r, og jeg er stadig<\/strong><br \/>\n<strong> en ivrig fotograf, dog ikke med det f\u00f8rste kamera jeg brugte.<\/strong><\/p>\n<p style=\"text-align: center;\"><strong>Jeg havde hunde da jeg var barn, og senere<\/strong><br \/>\n<strong> i livet har jeg haft flere hunde.<\/strong><\/p>\n<p style=\"text-align: center;\"><strong>Biler og motorcykler er ogs\u00e5 en stor<\/strong><br \/>\n<strong> interesser, og jeg har faktisk haft en hel del.<\/strong><\/p>\n<p style=\"text-align: center;\"><a href=\"https:\/\/i0.wp.com\/finsk1946.dk\/wp-content\/uploads\/2014\/01\/DSC_0738-1.jpg\"><img data-attachment-id=\"361\" data-permalink=\"https:\/\/finsk1946.dk\/?attachment_id=361\" data-orig-file=\"https:\/\/i0.wp.com\/finsk1946.dk\/wp-content\/uploads\/2014\/01\/DSC_0738-1.jpg?fit=480%2C619&amp;ssl=1\" data-orig-size=\"480,619\" data-comments-opened=\"0\" data-image-meta=\"{&quot;aperture&quot;:&quot;4.8&quot;,&quot;credit&quot;:&quot;&quot;,&quot;camera&quot;:&quot;NIKON D80&quot;,&quot;caption&quot;:&quot;&quot;,&quot;created_timestamp&quot;:&quot;1275750012&quot;,&quot;copyright&quot;:&quot;&quot;,&quot;focal_length&quot;:&quot;48&quot;,&quot;iso&quot;:&quot;400&quot;,&quot;shutter_speed&quot;:&quot;0.00625&quot;,&quot;title&quot;:&quot;&quot;}\" data-image-title=\"DSC_0738-1\" data-image-description=\"\" data-image-caption=\"\" data-medium-file=\"https:\/\/i0.wp.com\/finsk1946.dk\/wp-content\/uploads\/2014\/01\/DSC_0738-1.jpg?fit=232%2C300&amp;ssl=1\" data-large-file=\"https:\/\/i0.wp.com\/finsk1946.dk\/wp-content\/uploads\/2014\/01\/DSC_0738-1.jpg?fit=480%2C619&amp;ssl=1\" loading=\"lazy\" class=\"alignnone size-medium wp-image-361\" src=\"https:\/\/i0.wp.com\/finsk1946.dk\/wp-content\/uploads\/2014\/01\/DSC_0738-1.jpg?resize=232%2C300\" alt=\"DSC_0738-1\" width=\"232\" height=\"300\" srcset=\"https:\/\/i0.wp.com\/finsk1946.dk\/wp-content\/uploads\/2014\/01\/DSC_0738-1.jpg?resize=232%2C300&amp;ssl=1 232w, https:\/\/i0.wp.com\/finsk1946.dk\/wp-content\/uploads\/2014\/01\/DSC_0738-1.jpg?w=480&amp;ssl=1 480w\" sizes=\"(max-width: 232px) 100vw, 232px\" data-recalc-dims=\"1\" \/><\/a><br \/>\n<strong>Og det er n\u00e6sten som jeg ser ud i dag. Alts\u00e5 n\u00e6sten.<br \/>\n<\/strong><\/p>\n<p style=\"text-align: center;\"><strong>Jeg h\u00e5ber du f\u00e5r forn\u00f8jelse af at kigge p\u00e5 min side.<\/strong><\/p>\n<p style=\"text-align: center;\"><strong>Du kan ogs\u00e5 se min anden side<\/strong><br \/>\n<a href=\"http:\/\/photogenic.dk\" target=\"_blank\">www.photogenic.dk<\/a><\/p>\n<p style=\"text-align: center;\">.<\/p>\n<p style=\"text-align: center;\">\n","protected":false},"excerpt":{"rendered":"<p>I dag er jeg pensionist, med mange gode interesser. Tidligere har jeg arbejdet p\u00e5 K\u00f8benhavns Universitet i IT-afdelingen i mere end 40 \u00e5r. Jeg har spillet trompet siden jeg var 10 \u00e5r og dyrker stadig musik. Spiller i dag i &hellip; <a href=\"https:\/\/finsk1946.dk\/\">L\u00e6s resten <span class=\"meta-nav\">&rarr;<\/span><\/a><\/p>\n","protected":false},"author":1,"featured_media":0,"parent":0,"menu_order":5,"comment_status":"closed","ping_status":"closed","template":"","meta":[],"jetpack_sharing_enabled":true,"jetpack_shortlink":"https:\/\/wp.me\/P6Pn4t-4","jetpack-related-posts":[{"id":157,"url":"https:\/\/finsk1946.dk\/?page_id=157","url_meta":{"origin":4,"position":0},"title":"Tidligere hunde","date":"1. marts 2014","format":false,"excerpt":"Hunde jeg tidligere har haft Her er diverse foto af hunde jeg har haft tidligere Dette er Bodo, en sk\u00f8n Dobberman. Han kom fra Tyskland, og vi hentede ham i Gedser. Han var transporteret i en tr\u00e6kasse, hvorp\u00e5 der stod \"Lebende tier\", s\u00e5 banearbejderne gjorde store \u00f8jne, og trak sig\u2026","rel":"","context":"Similar post","img":{"alt_text":"","src":"https:\/\/i0.wp.com\/finsk1946.dk\/wp-content\/uploads\/2014\/03\/Bodo01.jpg?resize=350%2C200","width":350,"height":200},"classes":[]},{"id":9,"url":"https:\/\/finsk1946.dk\/?page_id=9","url_meta":{"origin":4,"position":1},"title":"Musik","date":"25. januar 2014","format":false,"excerpt":"En beskrivelse af mit liv, med herlig musik, med herlige mennesker, med sk\u00f8nne rejser. MUSIK er at LEVE. \u00a0 I min familie har der v\u00e6ret tradition for at dyrke musik, da flere af min mors f\u00e6tre var musikere. M\u00e5ske var det pga. min mormor s\u00f8sters mand, onkel Thomas (Thomas Larsen),\u2026","rel":"","context":"Similar post","img":{"alt_text":"Musik18","src":"https:\/\/i0.wp.com\/finsk1946.dk\/wp-content\/uploads\/2014\/03\/Musik18-300x199.jpg?resize=350%2C200","width":350,"height":200},"classes":[]},{"id":23,"url":"https:\/\/finsk1946.dk\/?page_id=23","url_meta":{"origin":4,"position":2},"title":"Joy","date":"25. januar 2014","format":false,"excerpt":"Joy (Vedhauge Joy) Dv\u00e6rg Pinscher, F\u00f8dt 29.03.2006 D\u00f8d 14.12.1919 Han er fra Kennel Vedhauge v\/Jytte Pedersen. Hans far Blue-Star Nemo (DKCH, SCH), er opdr\u00e6tte i Ungarn, men er importeret til Sverige. Hans mor er Exigor's Simba Zue er opdr\u00e6ttet i Sverige men er importeret til Danmark, og ejes af Kennel\u2026","rel":"","context":"Similar post","img":{"alt_text":"","src":"https:\/\/i0.wp.com\/finsk1946.dk\/wp-content\/uploads\/2014\/03\/Joy01-213x300.jpg?resize=350%2C200","width":350,"height":200},"classes":[]},{"id":11,"url":"https:\/\/finsk1946.dk\/?page_id=11","url_meta":{"origin":4,"position":3},"title":"Hunde","date":"25. januar 2014","format":false,"excerpt":"Jeg har stort set hele mit liv haft hunde. PT. har jeg 4 Dv\u00e6rg Pinschere, som alle kommer fra Kennel Vedhauge. Jeg har tidligere haft Dobberman, Sch\u00e6fer, Welsh Terrier, Basenji og Greyhound.","rel":"","context":"Similar post","img":{"alt_text":"","src":"","width":0,"height":0},"classes":[]},{"id":25,"url":"https:\/\/finsk1946.dk\/?page_id=25","url_meta":{"origin":4,"position":4},"title":"Kimi","date":"25. januar 2014","format":false,"excerpt":"Kimi (Vedhauge Kimi) Dv\u00e6rg Pinscher F\u00f8dt 30.10.2007 D\u00f8d 06.09.2022 (15 \u00e5r gammel) Han er fra Kennel Vedhauge v\/Jytte Pedersen. Hans far A'Dreams Soldier er opdr\u00e6tte i Finland, men har v\u00e6ret l\u00e5nt ud til Kennel Vedhauge, til opdr\u00e6t. Hans mor er Vedhauge Fie er opdr\u00e6tte i Danmark. F\u00e5 dage gammel Her\u2026","rel":"","context":"Similar post","img":{"alt_text":"","src":"https:\/\/i0.wp.com\/finsk1946.dk\/wp-content\/uploads\/2014\/03\/Kimi01-300x265.jpg?resize=350%2C200","width":350,"height":200},"classes":[]},{"id":27,"url":"https:\/\/finsk1946.dk\/?page_id=27","url_meta":{"origin":4,"position":5},"title":"Mea","date":"25. januar 2014","format":false,"excerpt":"Mea (Vedhauge Chip) Dv\u00e6rg Pinscher, f\u00f8dt den 09.09.2009 Far: Vedhauge Kimi - Mor: Vedhauge Holly Ja, \u00f8rerne er stadig ikke s\u00e5 h\u00f8jt st\u00e5ende. Lydig hund - SIT Her har jeg det sk\u00f8nt, dejlig pude. Han er nu en flot fyr ham Kimi, og s\u00e5 er han ogs\u00e5 min far","rel":"","context":"Similar post","img":{"alt_text":"","src":"https:\/\/i0.wp.com\/finsk1946.dk\/wp-content\/uploads\/2014\/03\/Mea01-287x300.jpg?resize=350%2C200","width":350,"height":200},"classes":[]}],"_links":{"self":[{"href":"https:\/\/finsk1946.dk\/index.php?rest_route=\/wp\/v2\/pages\/4"}],"collection":[{"href":"https:\/\/finsk1946.dk\/index.php?rest_route=\/wp\/v2\/pages"}],"about":[{"href":"https:\/\/finsk1946.dk\/index.php?rest_route=\/wp\/v2\/types\/page"}],"author":[{"embeddable":true,"href":"https:\/\/finsk1946.dk\/index.php?rest_route=\/wp\/v2\/users\/1"}],"replies":[{"embeddable":true,"href":"https:\/\/finsk1946.dk\/index.php?rest_route=%2Fwp%2Fv2%2Fcomments&post=4"}],"version-history":[{"count":10,"href":"https:\/\/finsk1946.dk\/index.php?rest_route=\/wp\/v2\/pages\/4\/revisions"}],"predecessor-version":[{"id":430,"href":"https:\/\/finsk1946.dk\/index.php?rest_route=\/wp\/v2\/pages\/4\/revisions\/430"}],"wp:attachment":[{"href":"https:\/\/finsk1946.dk\/index.php?rest_route=%2Fwp%2Fv2%2Fmedia&parent=4"}],"curies":[{"name":"wp","href":"https:\/\/api.w.org\/{rel}","templated":true}]}}