{"id":21,"date":"2014-01-25T18:39:44","date_gmt":"2014-01-25T18:39:44","guid":{"rendered":"http:\/\/finsk1946.dk\/?page_id=21"},"modified":"2022-09-07T19:25:56","modified_gmt":"2022-09-07T19:25:56","slug":"hobby","status":"publish","type":"page","link":"https:\/\/finsk1946.dk\/?page_id=21","title":{"rendered":"Hobby"},"content":{"rendered":"<header>\n<h1 style=\"text-align: center;\">Hobby<\/h1>\n<\/header>\n<p style=\"text-align: center;\">Vedhauge Hobby<\/p>\n<p style=\"text-align: center;\">F\u00f8dt 13.10.2004<br \/>\nD\u00f8d 21.01.2021 (16 \u00e5r gammel)<br \/>\nFar: Exigor\u2019s Bingo in Black<br \/>\nMor: Vedhauge Chanel<\/p>\n<p style=\"text-align: center;\"><a href=\"https:\/\/i0.wp.com\/finsk1946.dk\/wp-content\/uploads\/2014\/03\/Hobby01.jpg\"><img data-attachment-id=\"84\" data-permalink=\"https:\/\/finsk1946.dk\/?attachment_id=84\" data-orig-file=\"https:\/\/i0.wp.com\/finsk1946.dk\/wp-content\/uploads\/2014\/03\/Hobby01.jpg?fit=428%2C328&amp;ssl=1\" data-orig-size=\"428,328\" data-comments-opened=\"0\" data-image-meta=\"{&quot;aperture&quot;:&quot;5.6&quot;,&quot;credit&quot;:&quot;&quot;,&quot;camera&quot;:&quot;Canon EOS 10D&quot;,&quot;caption&quot;:&quot;&quot;,&quot;created_timestamp&quot;:&quot;1109284017&quot;,&quot;copyright&quot;:&quot;&quot;,&quot;focal_length&quot;:&quot;135&quot;,&quot;iso&quot;:&quot;100&quot;,&quot;shutter_speed&quot;:&quot;0.0166666666667&quot;,&quot;title&quot;:&quot;&quot;}\" data-image-title=\"Hobby01\" data-image-description=\"\" data-image-caption=\"\" data-medium-file=\"https:\/\/i0.wp.com\/finsk1946.dk\/wp-content\/uploads\/2014\/03\/Hobby01.jpg?fit=300%2C229&amp;ssl=1\" data-large-file=\"https:\/\/i0.wp.com\/finsk1946.dk\/wp-content\/uploads\/2014\/03\/Hobby01.jpg?fit=428%2C328&amp;ssl=1\" loading=\"lazy\" class=\"alignnone  wp-image-84\" src=\"https:\/\/i0.wp.com\/finsk1946.dk\/wp-content\/uploads\/2014\/03\/Hobby01.jpg?resize=401%2C306\" alt=\"Hobby01\" width=\"401\" height=\"306\" srcset=\"https:\/\/i0.wp.com\/finsk1946.dk\/wp-content\/uploads\/2014\/03\/Hobby01.jpg?resize=300%2C229&amp;ssl=1 300w, https:\/\/i0.wp.com\/finsk1946.dk\/wp-content\/uploads\/2014\/03\/Hobby01.jpg?w=428&amp;ssl=1 428w\" sizes=\"(max-width: 401px) 100vw, 401px\" data-recalc-dims=\"1\" \/><\/a><br \/>\nHobby er fra <a href=\"http:\/\/www.vedhauge.dk\" target=\"_blank\" rel=\"noopener\">Kennel Vedhauge<\/a> v\/Jytte Pedersen<\/p>\n<p style=\"text-align: center;\"><a href=\"https:\/\/i0.wp.com\/finsk1946.dk\/wp-content\/uploads\/2014\/03\/Hobby02.jpg\"><img data-attachment-id=\"85\" data-permalink=\"https:\/\/finsk1946.dk\/?attachment_id=85\" data-orig-file=\"https:\/\/i0.wp.com\/finsk1946.dk\/wp-content\/uploads\/2014\/03\/Hobby02.jpg?fit=227%2C222&amp;ssl=1\" data-orig-size=\"227,222\" data-comments-opened=\"0\" data-image-meta=\"{&quot;aperture&quot;:&quot;5.6&quot;,&quot;credit&quot;:&quot;&quot;,&quot;camera&quot;:&quot;Canon EOS 20D&quot;,&quot;caption&quot;:&quot;&quot;,&quot;created_timestamp&quot;:&quot;1117312447&quot;,&quot;copyright&quot;:&quot;&quot;,&quot;focal_length&quot;:&quot;105&quot;,&quot;iso&quot;:&quot;200&quot;,&quot;shutter_speed&quot;:&quot;0.02&quot;,&quot;title&quot;:&quot;&quot;}\" data-image-title=\"Hobby02\" data-image-description=\"\" data-image-caption=\"\" data-medium-file=\"https:\/\/i0.wp.com\/finsk1946.dk\/wp-content\/uploads\/2014\/03\/Hobby02.jpg?fit=227%2C222&amp;ssl=1\" data-large-file=\"https:\/\/i0.wp.com\/finsk1946.dk\/wp-content\/uploads\/2014\/03\/Hobby02.jpg?fit=227%2C222&amp;ssl=1\" loading=\"lazy\" class=\"alignnone  wp-image-85\" src=\"https:\/\/i0.wp.com\/finsk1946.dk\/wp-content\/uploads\/2014\/03\/Hobby02.jpg?resize=237%2C232\" alt=\"Hobby02\" width=\"237\" height=\"232\" data-recalc-dims=\"1\" \/><\/a><br \/>\nP\u00e5 billedet er Hobby blevet \u00bd \u00e5r, og \u00f8rerne er blevet flot st\u00e5ende.<\/p>\n<p style=\"text-align: center;\"><a href=\"https:\/\/i0.wp.com\/finsk1946.dk\/wp-content\/uploads\/2014\/03\/Hobby03.jpg\"><img data-attachment-id=\"86\" data-permalink=\"https:\/\/finsk1946.dk\/?attachment_id=86\" data-orig-file=\"https:\/\/i0.wp.com\/finsk1946.dk\/wp-content\/uploads\/2014\/03\/Hobby03.jpg?fit=400%2C263&amp;ssl=1\" data-orig-size=\"400,263\" data-comments-opened=\"0\" data-image-meta=\"{&quot;aperture&quot;:&quot;4&quot;,&quot;credit&quot;:&quot;&quot;,&quot;camera&quot;:&quot;Canon EOS 10D&quot;,&quot;caption&quot;:&quot;&quot;,&quot;created_timestamp&quot;:&quot;1109422829&quot;,&quot;copyright&quot;:&quot;&quot;,&quot;focal_length&quot;:&quot;41&quot;,&quot;iso&quot;:&quot;400&quot;,&quot;shutter_speed&quot;:&quot;0.05&quot;,&quot;title&quot;:&quot;&quot;}\" data-image-title=\"Hobby03\" data-image-description=\"\" data-image-caption=\"\" data-medium-file=\"https:\/\/i0.wp.com\/finsk1946.dk\/wp-content\/uploads\/2014\/03\/Hobby03.jpg?fit=300%2C197&amp;ssl=1\" data-large-file=\"https:\/\/i0.wp.com\/finsk1946.dk\/wp-content\/uploads\/2014\/03\/Hobby03.jpg?fit=400%2C263&amp;ssl=1\" loading=\"lazy\" class=\"alignnone  wp-image-86\" src=\"https:\/\/i0.wp.com\/finsk1946.dk\/wp-content\/uploads\/2014\/03\/Hobby03.jpg?resize=398%2C261\" alt=\"Hobby03\" width=\"398\" height=\"261\" srcset=\"https:\/\/i0.wp.com\/finsk1946.dk\/wp-content\/uploads\/2014\/03\/Hobby03.jpg?resize=300%2C197&amp;ssl=1 300w, https:\/\/i0.wp.com\/finsk1946.dk\/wp-content\/uploads\/2014\/03\/Hobby03.jpg?w=400&amp;ssl=1 400w\" sizes=\"(max-width: 398px) 100vw, 398px\" data-recalc-dims=\"1\" \/><\/a><br \/>\nHyggestund med Chip, det er Hobby bagerst<\/p>\n<p style=\"text-align: center;\"><a href=\"https:\/\/i0.wp.com\/finsk1946.dk\/wp-content\/uploads\/2014\/03\/Hobby04.jpg\"><img data-attachment-id=\"87\" data-permalink=\"https:\/\/finsk1946.dk\/?attachment_id=87\" data-orig-file=\"https:\/\/i0.wp.com\/finsk1946.dk\/wp-content\/uploads\/2014\/03\/Hobby04.jpg?fit=400%2C319&amp;ssl=1\" data-orig-size=\"400,319\" data-comments-opened=\"0\" data-image-meta=\"{&quot;aperture&quot;:&quot;5.6&quot;,&quot;credit&quot;:&quot;&quot;,&quot;camera&quot;:&quot;Canon EOS 20D&quot;,&quot;caption&quot;:&quot;&quot;,&quot;created_timestamp&quot;:&quot;1137935371&quot;,&quot;copyright&quot;:&quot;&quot;,&quot;focal_length&quot;:&quot;79&quot;,&quot;iso&quot;:&quot;200&quot;,&quot;shutter_speed&quot;:&quot;0.0008&quot;,&quot;title&quot;:&quot;&quot;}\" data-image-title=\"Hobby04\" data-image-description=\"\" data-image-caption=\"\" data-medium-file=\"https:\/\/i0.wp.com\/finsk1946.dk\/wp-content\/uploads\/2014\/03\/Hobby04.jpg?fit=300%2C239&amp;ssl=1\" data-large-file=\"https:\/\/i0.wp.com\/finsk1946.dk\/wp-content\/uploads\/2014\/03\/Hobby04.jpg?fit=400%2C319&amp;ssl=1\" loading=\"lazy\" class=\"alignnone  wp-image-87\" src=\"https:\/\/i0.wp.com\/finsk1946.dk\/wp-content\/uploads\/2014\/03\/Hobby04.jpg?resize=429%2C341\" alt=\"Hobby04\" width=\"429\" height=\"341\" srcset=\"https:\/\/i0.wp.com\/finsk1946.dk\/wp-content\/uploads\/2014\/03\/Hobby04.jpg?resize=300%2C239&amp;ssl=1 300w, https:\/\/i0.wp.com\/finsk1946.dk\/wp-content\/uploads\/2014\/03\/Hobby04.jpg?w=400&amp;ssl=1 400w\" sizes=\"(max-width: 429px) 100vw, 429px\" data-recalc-dims=\"1\" \/><\/a><br \/>\nUha, det er koldt i sneen<\/p>\n<p style=\"text-align: center;\"><a href=\"https:\/\/i0.wp.com\/finsk1946.dk\/wp-content\/uploads\/2014\/03\/Hobby05.jpg\"><img data-attachment-id=\"88\" data-permalink=\"https:\/\/finsk1946.dk\/?attachment_id=88\" data-orig-file=\"https:\/\/i0.wp.com\/finsk1946.dk\/wp-content\/uploads\/2014\/03\/Hobby05.jpg?fit=400%2C300&amp;ssl=1\" data-orig-size=\"400,300\" data-comments-opened=\"0\" data-image-meta=\"{&quot;aperture&quot;:&quot;0&quot;,&quot;credit&quot;:&quot;&quot;,&quot;camera&quot;:&quot;&quot;,&quot;caption&quot;:&quot;&quot;,&quot;created_timestamp&quot;:&quot;0&quot;,&quot;copyright&quot;:&quot;&quot;,&quot;focal_length&quot;:&quot;0&quot;,&quot;iso&quot;:&quot;0&quot;,&quot;shutter_speed&quot;:&quot;0&quot;,&quot;title&quot;:&quot;&quot;}\" data-image-title=\"Hobby05\" data-image-description=\"\" data-image-caption=\"\" data-medium-file=\"https:\/\/i0.wp.com\/finsk1946.dk\/wp-content\/uploads\/2014\/03\/Hobby05.jpg?fit=300%2C225&amp;ssl=1\" data-large-file=\"https:\/\/i0.wp.com\/finsk1946.dk\/wp-content\/uploads\/2014\/03\/Hobby05.jpg?fit=400%2C300&amp;ssl=1\" loading=\"lazy\" class=\"alignnone  wp-image-88\" src=\"https:\/\/i0.wp.com\/finsk1946.dk\/wp-content\/uploads\/2014\/03\/Hobby05.jpg?resize=427%2C320\" alt=\"Hobby05\" width=\"427\" height=\"320\" srcset=\"https:\/\/i0.wp.com\/finsk1946.dk\/wp-content\/uploads\/2014\/03\/Hobby05.jpg?resize=300%2C225&amp;ssl=1 300w, https:\/\/i0.wp.com\/finsk1946.dk\/wp-content\/uploads\/2014\/03\/Hobby05.jpg?w=400&amp;ssl=1 400w\" sizes=\"(max-width: 427px) 100vw, 427px\" data-recalc-dims=\"1\" \/><\/a><br \/>\nLidt rosetter som Hobby fik p\u00e5 en 2-dages<br \/>\nudstilling p\u00e5 Mols i SPSK.<br \/>\nP\u00e5 denne udstilling blev han Champion.<\/p>\n<p style=\"text-align: center;\"><a href=\"https:\/\/i0.wp.com\/finsk1946.dk\/wp-content\/uploads\/2014\/03\/Hobby06.jpg\"><img data-attachment-id=\"89\" data-permalink=\"https:\/\/finsk1946.dk\/?attachment_id=89\" data-orig-file=\"https:\/\/i0.wp.com\/finsk1946.dk\/wp-content\/uploads\/2014\/03\/Hobby06.jpg?fit=240%2C300&amp;ssl=1\" data-orig-size=\"240,300\" data-comments-opened=\"0\" data-image-meta=\"{&quot;aperture&quot;:&quot;5&quot;,&quot;credit&quot;:&quot;&quot;,&quot;camera&quot;:&quot;Canon EOS 20D&quot;,&quot;caption&quot;:&quot;&quot;,&quot;created_timestamp&quot;:&quot;1138315855&quot;,&quot;copyright&quot;:&quot;&quot;,&quot;focal_length&quot;:&quot;35&quot;,&quot;iso&quot;:&quot;200&quot;,&quot;shutter_speed&quot;:&quot;0.0166666666667&quot;,&quot;title&quot;:&quot;&quot;}\" data-image-title=\"Hobby06\" data-image-description=\"\" data-image-caption=\"\" data-medium-file=\"https:\/\/i0.wp.com\/finsk1946.dk\/wp-content\/uploads\/2014\/03\/Hobby06.jpg?fit=240%2C300&amp;ssl=1\" data-large-file=\"https:\/\/i0.wp.com\/finsk1946.dk\/wp-content\/uploads\/2014\/03\/Hobby06.jpg?fit=240%2C300&amp;ssl=1\" loading=\"lazy\" class=\"alignnone  wp-image-89\" src=\"https:\/\/i0.wp.com\/finsk1946.dk\/wp-content\/uploads\/2014\/03\/Hobby06.jpg?resize=356%2C444\" alt=\"Hobby06\" width=\"356\" height=\"444\" data-recalc-dims=\"1\" \/><\/a><br \/>\nDet kan ikke siges andet end han har flotte \u00f8rer.<\/p>\n<p style=\"text-align: center;\"><a href=\"https:\/\/i0.wp.com\/finsk1946.dk\/wp-content\/uploads\/2014\/03\/Hobby07.jpg\"><img data-attachment-id=\"90\" data-permalink=\"https:\/\/finsk1946.dk\/?attachment_id=90\" data-orig-file=\"https:\/\/i0.wp.com\/finsk1946.dk\/wp-content\/uploads\/2014\/03\/Hobby07.jpg?fit=240%2C242&amp;ssl=1\" data-orig-size=\"240,242\" data-comments-opened=\"0\" data-image-meta=\"{&quot;aperture&quot;:&quot;13&quot;,&quot;credit&quot;:&quot;&quot;,&quot;camera&quot;:&quot;Canon EOS 20D&quot;,&quot;caption&quot;:&quot;&quot;,&quot;created_timestamp&quot;:&quot;1172683949&quot;,&quot;copyright&quot;:&quot;&quot;,&quot;focal_length&quot;:&quot;47&quot;,&quot;iso&quot;:&quot;400&quot;,&quot;shutter_speed&quot;:&quot;0.004&quot;,&quot;title&quot;:&quot;&quot;}\" data-image-title=\"Hobby07\" data-image-description=\"\" data-image-caption=\"\" data-medium-file=\"https:\/\/i0.wp.com\/finsk1946.dk\/wp-content\/uploads\/2014\/03\/Hobby07.jpg?fit=240%2C242&amp;ssl=1\" data-large-file=\"https:\/\/i0.wp.com\/finsk1946.dk\/wp-content\/uploads\/2014\/03\/Hobby07.jpg?fit=240%2C242&amp;ssl=1\" loading=\"lazy\" class=\"alignnone  wp-image-90\" src=\"https:\/\/i0.wp.com\/finsk1946.dk\/wp-content\/uploads\/2014\/03\/Hobby07.jpg?resize=361%2C365\" alt=\"Hobby07\" width=\"361\" height=\"365\" data-recalc-dims=\"1\" \/><\/a><br \/>\nSnevejr, jamen det er da bare sk\u00f8nt.<\/p>\n<p style=\"text-align: center;\"><a href=\"https:\/\/i0.wp.com\/finsk1946.dk\/wp-content\/uploads\/2014\/03\/Hobby08.jpg\"><img data-attachment-id=\"91\" data-permalink=\"https:\/\/finsk1946.dk\/?attachment_id=91\" data-orig-file=\"https:\/\/i0.wp.com\/finsk1946.dk\/wp-content\/uploads\/2014\/03\/Hobby08.jpg?fit=240%2C241&amp;ssl=1\" data-orig-size=\"240,241\" data-comments-opened=\"0\" data-image-meta=\"{&quot;aperture&quot;:&quot;10&quot;,&quot;credit&quot;:&quot;&quot;,&quot;camera&quot;:&quot;Canon EOS 40D&quot;,&quot;caption&quot;:&quot;&quot;,&quot;created_timestamp&quot;:&quot;1202652481&quot;,&quot;copyright&quot;:&quot;&quot;,&quot;focal_length&quot;:&quot;100&quot;,&quot;iso&quot;:&quot;400&quot;,&quot;shutter_speed&quot;:&quot;0.0025&quot;,&quot;title&quot;:&quot;&quot;}\" data-image-title=\"Hobby08\" data-image-description=\"\" data-image-caption=\"\" data-medium-file=\"https:\/\/i0.wp.com\/finsk1946.dk\/wp-content\/uploads\/2014\/03\/Hobby08.jpg?fit=240%2C241&amp;ssl=1\" data-large-file=\"https:\/\/i0.wp.com\/finsk1946.dk\/wp-content\/uploads\/2014\/03\/Hobby08.jpg?fit=240%2C241&amp;ssl=1\" loading=\"lazy\" class=\"alignnone  wp-image-91\" src=\"https:\/\/i0.wp.com\/finsk1946.dk\/wp-content\/uploads\/2014\/03\/Hobby08.jpg?resize=373%2C375\" alt=\"Hobby08\" width=\"373\" height=\"375\" srcset=\"https:\/\/i0.wp.com\/finsk1946.dk\/wp-content\/uploads\/2014\/03\/Hobby08.jpg?w=240&amp;ssl=1 240w, https:\/\/i0.wp.com\/finsk1946.dk\/wp-content\/uploads\/2014\/03\/Hobby08.jpg?resize=150%2C150&amp;ssl=1 150w\" sizes=\"(max-width: 373px) 100vw, 373px\" data-recalc-dims=\"1\" \/><\/a><br \/>\nMen det er da ogs\u00e5 sk\u00f8nt n\u00e5r solen skinner,<br \/>\nm\u00e5ske skulle jeg have l\u00e5nt nogle solbriller.<\/p>\n<p style=\"text-align: center;\"><a href=\"https:\/\/i0.wp.com\/finsk1946.dk\/wp-content\/uploads\/2014\/03\/Hobby09.jpg\"><img data-attachment-id=\"92\" data-permalink=\"https:\/\/finsk1946.dk\/?attachment_id=92\" data-orig-file=\"https:\/\/i0.wp.com\/finsk1946.dk\/wp-content\/uploads\/2014\/03\/Hobby09.jpg?fit=320%2C213&amp;ssl=1\" data-orig-size=\"320,213\" data-comments-opened=\"0\" data-image-meta=\"{&quot;aperture&quot;:&quot;11&quot;,&quot;credit&quot;:&quot;&quot;,&quot;camera&quot;:&quot;Canon EOS 40D&quot;,&quot;caption&quot;:&quot;&quot;,&quot;created_timestamp&quot;:&quot;1210963214&quot;,&quot;copyright&quot;:&quot;&quot;,&quot;focal_length&quot;:&quot;41&quot;,&quot;iso&quot;:&quot;800&quot;,&quot;shutter_speed&quot;:&quot;0.005&quot;,&quot;title&quot;:&quot;&quot;}\" data-image-title=\"Hobby09\" data-image-description=\"\" data-image-caption=\"\" data-medium-file=\"https:\/\/i0.wp.com\/finsk1946.dk\/wp-content\/uploads\/2014\/03\/Hobby09.jpg?fit=300%2C199&amp;ssl=1\" data-large-file=\"https:\/\/i0.wp.com\/finsk1946.dk\/wp-content\/uploads\/2014\/03\/Hobby09.jpg?fit=320%2C213&amp;ssl=1\" loading=\"lazy\" class=\"alignnone  wp-image-92\" src=\"https:\/\/i0.wp.com\/finsk1946.dk\/wp-content\/uploads\/2014\/03\/Hobby09.jpg?resize=329%2C219\" alt=\"Hobby09\" width=\"329\" height=\"219\" srcset=\"https:\/\/i0.wp.com\/finsk1946.dk\/wp-content\/uploads\/2014\/03\/Hobby09.jpg?resize=300%2C199&amp;ssl=1 300w, https:\/\/i0.wp.com\/finsk1946.dk\/wp-content\/uploads\/2014\/03\/Hobby09.jpg?w=320&amp;ssl=1 320w\" sizes=\"(max-width: 329px) 100vw, 329px\" data-recalc-dims=\"1\" \/><\/a><br \/>\nS\u00e5 er der serveret i haven,<br \/>\nmen man skal v\u00e6re hurtig<br \/>\nfor ham Kim er hurtigspiser.<\/p>\n<p style=\"text-align: center;\"><a href=\"https:\/\/i0.wp.com\/finsk1946.dk\/wp-content\/uploads\/2014\/03\/Hobby10.jpg\"><img data-attachment-id=\"93\" data-permalink=\"https:\/\/finsk1946.dk\/?attachment_id=93\" data-orig-file=\"https:\/\/i0.wp.com\/finsk1946.dk\/wp-content\/uploads\/2014\/03\/Hobby10.jpg?fit=320%2C213&amp;ssl=1\" data-orig-size=\"320,213\" data-comments-opened=\"0\" data-image-meta=\"{&quot;aperture&quot;:&quot;11&quot;,&quot;credit&quot;:&quot;&quot;,&quot;camera&quot;:&quot;Canon EOS 40D&quot;,&quot;caption&quot;:&quot;&quot;,&quot;created_timestamp&quot;:&quot;1223308872&quot;,&quot;copyright&quot;:&quot;&quot;,&quot;focal_length&quot;:&quot;90&quot;,&quot;iso&quot;:&quot;800&quot;,&quot;shutter_speed&quot;:&quot;0.003125&quot;,&quot;title&quot;:&quot;&quot;}\" data-image-title=\"Hobby10\" data-image-description=\"\" data-image-caption=\"\" data-medium-file=\"https:\/\/i0.wp.com\/finsk1946.dk\/wp-content\/uploads\/2014\/03\/Hobby10.jpg?fit=300%2C199&amp;ssl=1\" data-large-file=\"https:\/\/i0.wp.com\/finsk1946.dk\/wp-content\/uploads\/2014\/03\/Hobby10.jpg?fit=320%2C213&amp;ssl=1\" loading=\"lazy\" class=\"alignnone  wp-image-93\" src=\"https:\/\/i0.wp.com\/finsk1946.dk\/wp-content\/uploads\/2014\/03\/Hobby10.jpg?resize=366%2C243\" alt=\"Hobby10\" width=\"366\" height=\"243\" srcset=\"https:\/\/i0.wp.com\/finsk1946.dk\/wp-content\/uploads\/2014\/03\/Hobby10.jpg?resize=300%2C199&amp;ssl=1 300w, https:\/\/i0.wp.com\/finsk1946.dk\/wp-content\/uploads\/2014\/03\/Hobby10.jpg?w=320&amp;ssl=1 320w\" sizes=\"(max-width: 366px) 100vw, 366px\" data-recalc-dims=\"1\" \/><\/a><br \/>\nOg hurra, nu skal der l\u00f8bes efter bold.<\/p>\n<p style=\"text-align: center;\"><a href=\"https:\/\/i0.wp.com\/finsk1946.dk\/wp-content\/uploads\/2014\/01\/Hunde-3.jpg\"><img data-attachment-id=\"397\" data-permalink=\"https:\/\/finsk1946.dk\/?attachment_id=397\" data-orig-file=\"https:\/\/i0.wp.com\/finsk1946.dk\/wp-content\/uploads\/2014\/01\/Hunde-3.jpg?fit=348%2C640&amp;ssl=1\" data-orig-size=\"348,640\" data-comments-opened=\"0\" data-image-meta=\"{&quot;aperture&quot;:&quot;4&quot;,&quot;credit&quot;:&quot;&quot;,&quot;camera&quot;:&quot;Canon EOS 7D&quot;,&quot;caption&quot;:&quot;&quot;,&quot;created_timestamp&quot;:&quot;1330715490&quot;,&quot;copyright&quot;:&quot;&quot;,&quot;focal_length&quot;:&quot;32&quot;,&quot;iso&quot;:&quot;400&quot;,&quot;shutter_speed&quot;:&quot;0.0166666666667&quot;,&quot;title&quot;:&quot;&quot;}\" data-image-title=\"Hunde-3\" data-image-description=\"\" data-image-caption=\"\" data-medium-file=\"https:\/\/i0.wp.com\/finsk1946.dk\/wp-content\/uploads\/2014\/01\/Hunde-3.jpg?fit=163%2C300&amp;ssl=1\" data-large-file=\"https:\/\/i0.wp.com\/finsk1946.dk\/wp-content\/uploads\/2014\/01\/Hunde-3.jpg?fit=348%2C640&amp;ssl=1\" loading=\"lazy\" class=\"alignnone size-medium wp-image-397\" src=\"https:\/\/i0.wp.com\/finsk1946.dk\/wp-content\/uploads\/2014\/01\/Hunde-3.jpg?resize=163%2C300\" alt=\"Hunde-3\" width=\"163\" height=\"300\" srcset=\"https:\/\/i0.wp.com\/finsk1946.dk\/wp-content\/uploads\/2014\/01\/Hunde-3.jpg?resize=163%2C300&amp;ssl=1 163w, https:\/\/i0.wp.com\/finsk1946.dk\/wp-content\/uploads\/2014\/01\/Hunde-3.jpg?w=348&amp;ssl=1 348w\" sizes=\"(max-width: 163px) 100vw, 163px\" data-recalc-dims=\"1\" \/><\/a><br \/>\nJa, man er ikke helt ung l\u00e6ngere,<br \/>\nmen alligevel kun 8 \u00e5r.<\/p>\n","protected":false},"excerpt":{"rendered":"<p>Hobby Vedhauge Hobby F\u00f8dt 13.10.2004 D\u00f8d 21.01.2021 (16 \u00e5r gammel) Far: Exigor\u2019s Bingo in Black Mor: Vedhauge Chanel Hobby er fra Kennel Vedhauge v\/Jytte Pedersen P\u00e5 billedet er Hobby blevet \u00bd \u00e5r, og \u00f8rerne er blevet flot st\u00e5ende. Hyggestund med &hellip; <a href=\"https:\/\/finsk1946.dk\/?page_id=21\">L\u00e6s resten <span class=\"meta-nav\">&rarr;<\/span><\/a><\/p>\n","protected":false},"author":1,"featured_media":0,"parent":11,"menu_order":5,"comment_status":"closed","ping_status":"closed","template":"","meta":[],"jetpack_sharing_enabled":true,"jetpack_shortlink":"https:\/\/wp.me\/P6Pn4t-l","jetpack-related-posts":[{"id":25,"url":"https:\/\/finsk1946.dk\/?page_id=25","url_meta":{"origin":21,"position":0},"title":"Kimi","date":"25. januar 2014","format":false,"excerpt":"Kimi (Vedhauge Kimi) Dv\u00e6rg Pinscher F\u00f8dt 30.10.2007 D\u00f8d 06.09.2022 (15 \u00e5r gammel) Han er fra Kennel Vedhauge v\/Jytte Pedersen. Hans far A'Dreams Soldier er opdr\u00e6tte i Finland, men har v\u00e6ret l\u00e5nt ud til Kennel Vedhauge, til opdr\u00e6t. Hans mor er Vedhauge Fie er opdr\u00e6tte i Danmark. F\u00e5 dage gammel Her\u2026","rel":"","context":"Similar post","img":{"alt_text":"","src":"https:\/\/i0.wp.com\/finsk1946.dk\/wp-content\/uploads\/2014\/03\/Kimi01-300x265.jpg?resize=350%2C200","width":350,"height":200},"classes":[]},{"id":153,"url":"https:\/\/finsk1946.dk\/?page_id=153","url_meta":{"origin":21,"position":1},"title":"Chip","date":"1. marts 2014","format":false,"excerpt":"Chip (Vedhauge Chip) Dv\u00e6rg Pinscher, f\u00f8dt den 10.05.1999 D\u00f8de desv\u00e6rre 29.08.2006 Han er fra Kennel Vedhauge v\/Jytte Pedersen. Hans far Royal Boru Capten Cook (DKCH) er opdr\u00e6tte i Finland, men er importeret til Danmark. Hans mor er Vedhauge Oline (DKCH) er opdr\u00e6tte i Danmark. Chip har v\u00e6ret til udstillinger, men\u2026","rel":"","context":"Similar post","img":{"alt_text":"","src":"https:\/\/i0.wp.com\/finsk1946.dk\/wp-content\/uploads\/2014\/03\/Chip01-275x300.jpg?resize=350%2C200","width":350,"height":200},"classes":[]},{"id":23,"url":"https:\/\/finsk1946.dk\/?page_id=23","url_meta":{"origin":21,"position":2},"title":"Joy","date":"25. januar 2014","format":false,"excerpt":"Joy (Vedhauge Joy) Dv\u00e6rg Pinscher, F\u00f8dt 29.03.2006 D\u00f8d 14.12.1919 Han er fra Kennel Vedhauge v\/Jytte Pedersen. Hans far Blue-Star Nemo (DKCH, SCH), er opdr\u00e6tte i Ungarn, men er importeret til Sverige. Hans mor er Exigor's Simba Zue er opdr\u00e6ttet i Sverige men er importeret til Danmark, og ejes af Kennel\u2026","rel":"","context":"Similar post","img":{"alt_text":"","src":"https:\/\/i0.wp.com\/finsk1946.dk\/wp-content\/uploads\/2014\/03\/Joy01-213x300.jpg?resize=350%2C200","width":350,"height":200},"classes":[]},{"id":27,"url":"https:\/\/finsk1946.dk\/?page_id=27","url_meta":{"origin":21,"position":3},"title":"Mea","date":"25. januar 2014","format":false,"excerpt":"Mea (Vedhauge Chip) Dv\u00e6rg Pinscher, f\u00f8dt den 09.09.2009 Far: Vedhauge Kimi - Mor: Vedhauge Holly Ja, \u00f8rerne er stadig ikke s\u00e5 h\u00f8jt st\u00e5ende. Lydig hund - SIT Her har jeg det sk\u00f8nt, dejlig pude. Han er nu en flot fyr ham Kimi, og s\u00e5 er han ogs\u00e5 min far","rel":"","context":"Similar post","img":{"alt_text":"","src":"https:\/\/i0.wp.com\/finsk1946.dk\/wp-content\/uploads\/2014\/03\/Mea01-287x300.jpg?resize=350%2C200","width":350,"height":200},"classes":[]},{"id":11,"url":"https:\/\/finsk1946.dk\/?page_id=11","url_meta":{"origin":21,"position":4},"title":"Hunde","date":"25. januar 2014","format":false,"excerpt":"Jeg har stort set hele mit liv haft hunde. PT. har jeg 4 Dv\u00e6rg Pinschere, som alle kommer fra Kennel Vedhauge. Jeg har tidligere haft Dobberman, Sch\u00e6fer, Welsh Terrier, Basenji og Greyhound.","rel":"","context":"Similar post","img":{"alt_text":"","src":"","width":0,"height":0},"classes":[]},{"id":155,"url":"https:\/\/finsk1946.dk\/?page_id=155","url_meta":{"origin":21,"position":5},"title":"Fuffu","date":"1. marts 2014","format":false,"excerpt":"Fuffu (Greyfarm On Time) Greyhound, f\u00f8dt den 15.06.2003 D\u00f8de desv\u00e6rre 14.12.2006 Han er fra Sverige, fra Kennel Greyfarm v\/Lotte \u00d8rum og Henning Olesen, som nu er bosat i Irland. Hans far Real Revenge er opdr\u00e6tte i Australien, men er importeret til Sverige. Hans mor er Miss Muggins er opdr\u00e6tte i\u2026","rel":"","context":"Similar post","img":{"alt_text":"","src":"https:\/\/i0.wp.com\/finsk1946.dk\/wp-content\/uploads\/2014\/03\/Fufu02-300x274.jpg?resize=350%2C200","width":350,"height":200},"classes":[]}],"_links":{"self":[{"href":"https:\/\/finsk1946.dk\/index.php?rest_route=\/wp\/v2\/pages\/21"}],"collection":[{"href":"https:\/\/finsk1946.dk\/index.php?rest_route=\/wp\/v2\/pages"}],"about":[{"href":"https:\/\/finsk1946.dk\/index.php?rest_route=\/wp\/v2\/types\/page"}],"author":[{"embeddable":true,"href":"https:\/\/finsk1946.dk\/index.php?rest_route=\/wp\/v2\/users\/1"}],"replies":[{"embeddable":true,"href":"https:\/\/finsk1946.dk\/index.php?rest_route=%2Fwp%2Fv2%2Fcomments&post=21"}],"version-history":[{"count":6,"href":"https:\/\/finsk1946.dk\/index.php?rest_route=\/wp\/v2\/pages\/21\/revisions"}],"predecessor-version":[{"id":456,"href":"https:\/\/finsk1946.dk\/index.php?rest_route=\/wp\/v2\/pages\/21\/revisions\/456"}],"up":[{"embeddable":true,"href":"https:\/\/finsk1946.dk\/index.php?rest_route=\/wp\/v2\/pages\/11"}],"wp:attachment":[{"href":"https:\/\/finsk1946.dk\/index.php?rest_route=%2Fwp%2Fv2%2Fmedia&parent=21"}],"curies":[{"name":"wp","href":"https:\/\/api.w.org\/{rel}","templated":true}]}}