{"id":153,"date":"2014-03-01T18:01:05","date_gmt":"2014-03-01T18:01:05","guid":{"rendered":"http:\/\/finsk1946.dk\/?page_id=153"},"modified":"2014-03-01T18:04:49","modified_gmt":"2014-03-01T18:04:49","slug":"chip","status":"publish","type":"page","link":"https:\/\/finsk1946.dk\/?page_id=153","title":{"rendered":"Chip"},"content":{"rendered":"<p align=\"center\"><span style=\"font-size: x-large;\"><b>Chip<\/b><\/span><span style=\"font-size: large;\"><b><br \/>\n(Vedhauge Chip)<\/b><\/span><\/p>\n<p align=\"center\"><span style=\"font-size: large;\"><b>Dv\u00e6rg Pinscher, f\u00f8dt den 10.05.1999<\/b><\/span><\/p>\n<p align=\"center\"><span style=\"font-size: large;\"><b>D\u00f8de desv\u00e6rre 29.08.2006<\/b><\/span><\/p>\n<table id=\"table2\" width=\"80%\" border=\"0\" cellpadding=\"0\">\n<tbody>\n<tr>\n<td colspan=\"2\" align=\"center\" width=\"97%\">\n<p align=\"center\"><b> <a href=\"https:\/\/i0.wp.com\/finsk1946.dk\/wp-content\/uploads\/2014\/03\/Chip01.jpg\"><img data-attachment-id=\"69\" data-permalink=\"https:\/\/finsk1946.dk\/?attachment_id=69\" data-orig-file=\"https:\/\/i0.wp.com\/finsk1946.dk\/wp-content\/uploads\/2014\/03\/Chip01.jpg?fit=361%2C393&amp;ssl=1\" data-orig-size=\"361,393\" data-comments-opened=\"0\" data-image-meta=\"{&quot;aperture&quot;:&quot;0&quot;,&quot;credit&quot;:&quot;&quot;,&quot;camera&quot;:&quot;&quot;,&quot;caption&quot;:&quot;&quot;,&quot;created_timestamp&quot;:&quot;0&quot;,&quot;copyright&quot;:&quot;&quot;,&quot;focal_length&quot;:&quot;0&quot;,&quot;iso&quot;:&quot;0&quot;,&quot;shutter_speed&quot;:&quot;0&quot;,&quot;title&quot;:&quot;&quot;}\" data-image-title=\"Chip01\" data-image-description=\"\" data-image-caption=\"\" data-medium-file=\"https:\/\/i0.wp.com\/finsk1946.dk\/wp-content\/uploads\/2014\/03\/Chip01.jpg?fit=275%2C300&amp;ssl=1\" data-large-file=\"https:\/\/i0.wp.com\/finsk1946.dk\/wp-content\/uploads\/2014\/03\/Chip01.jpg?fit=361%2C393&amp;ssl=1\" loading=\"lazy\" class=\"alignnone size-medium wp-image-69\" alt=\"Chip01\" src=\"https:\/\/i0.wp.com\/finsk1946.dk\/wp-content\/uploads\/2014\/03\/Chip01.jpg?resize=275%2C300\" width=\"275\" height=\"300\" srcset=\"https:\/\/i0.wp.com\/finsk1946.dk\/wp-content\/uploads\/2014\/03\/Chip01.jpg?resize=275%2C300&amp;ssl=1 275w, https:\/\/i0.wp.com\/finsk1946.dk\/wp-content\/uploads\/2014\/03\/Chip01.jpg?w=361&amp;ssl=1 361w\" sizes=\"(max-width: 275px) 100vw, 275px\" data-recalc-dims=\"1\" \/><\/a><br \/>\n<\/b><\/p>\n<\/td>\n<\/tr>\n<tr>\n<td colspan=\"2\" align=\"center\" width=\"97%\"><\/td>\n<\/tr>\n<tr>\n<td colspan=\"2\" align=\"center\" width=\"97%\">\n<p align=\"center\"><b>Han er fra Kennel Vedhauge v\/Jytte Pedersen.<\/b><\/p>\n<p align=\"center\"><b>Hans far Royal Boru Capten Cook (DKCH) er opdr\u00e6tte i Finland, men er importeret til Danmark.<\/b><\/p>\n<p align=\"center\"><b>Hans mor er Vedhauge Oline (DKCH) er opdr\u00e6tte i Danmark.<\/b><\/p>\n<\/td>\n<\/tr>\n<tr>\n<td colspan=\"2\" align=\"center\" width=\"97%\"><\/td>\n<\/tr>\n<tr>\n<td align=\"center\" width=\"50%\">\n<p align=\"center\"><b>Chip har v\u00e6ret til udstillinger,<br \/>\nmen det var ikke rigtig<br \/>\nhans kop te, s\u00e5 nu er<br \/>\nhan hyggehund, og<br \/>\nfaktisk f\u00f8rer for min flok.<\/b><\/p>\n<\/td>\n<td align=\"center\" width=\"42%\"><b> <a href=\"https:\/\/i0.wp.com\/finsk1946.dk\/wp-content\/uploads\/2014\/03\/Chip021.jpg\"><img data-attachment-id=\"160\" data-permalink=\"https:\/\/finsk1946.dk\/?attachment_id=160\" data-orig-file=\"https:\/\/i0.wp.com\/finsk1946.dk\/wp-content\/uploads\/2014\/03\/Chip021.jpg?fit=120%2C169&amp;ssl=1\" data-orig-size=\"120,169\" data-comments-opened=\"0\" data-image-meta=\"{&quot;aperture&quot;:&quot;4.4&quot;,&quot;credit&quot;:&quot;&quot;,&quot;camera&quot;:&quot;C900Z,D400Z&quot;,&quot;caption&quot;:&quot;&quot;,&quot;created_timestamp&quot;:&quot;939232926&quot;,&quot;copyright&quot;:&quot;&quot;,&quot;focal_length&quot;:&quot;15.7&quot;,&quot;iso&quot;:&quot;100&quot;,&quot;shutter_speed&quot;:&quot;0.0526315789474&quot;,&quot;title&quot;:&quot;OLYMPUS DIGITAL CAMERA&quot;}\" data-image-title=\"OLYMPUS DIGITAL CAMERA\" data-image-description=\"\" data-image-caption=\"\" data-medium-file=\"https:\/\/i0.wp.com\/finsk1946.dk\/wp-content\/uploads\/2014\/03\/Chip021.jpg?fit=120%2C169&amp;ssl=1\" data-large-file=\"https:\/\/i0.wp.com\/finsk1946.dk\/wp-content\/uploads\/2014\/03\/Chip021.jpg?fit=120%2C169&amp;ssl=1\" loading=\"lazy\" class=\"alignnone size-full wp-image-160\" alt=\"OLYMPUS DIGITAL CAMERA\" src=\"https:\/\/i0.wp.com\/finsk1946.dk\/wp-content\/uploads\/2014\/03\/Chip021.jpg?resize=120%2C169\" width=\"120\" height=\"169\" data-recalc-dims=\"1\" \/><\/a><\/b><\/td>\n<\/tr>\n<tr>\n<td align=\"center\" width=\"50%\"><a href=\"https:\/\/i0.wp.com\/finsk1946.dk\/wp-content\/uploads\/2014\/03\/Chip03.jpg\"><img data-attachment-id=\"71\" data-permalink=\"https:\/\/finsk1946.dk\/?attachment_id=71\" data-orig-file=\"https:\/\/i0.wp.com\/finsk1946.dk\/wp-content\/uploads\/2014\/03\/Chip03.jpg?fit=400%2C390&amp;ssl=1\" data-orig-size=\"400,390\" data-comments-opened=\"0\" data-image-meta=\"{&quot;aperture&quot;:&quot;5.6&quot;,&quot;credit&quot;:&quot;&quot;,&quot;camera&quot;:&quot;Canon EOS 20D&quot;,&quot;caption&quot;:&quot;&quot;,&quot;created_timestamp&quot;:&quot;1137935296&quot;,&quot;copyright&quot;:&quot;&quot;,&quot;focal_length&quot;:&quot;75&quot;,&quot;iso&quot;:&quot;200&quot;,&quot;shutter_speed&quot;:&quot;0.000625&quot;,&quot;title&quot;:&quot;&quot;}\" data-image-title=\"Chip03\" data-image-description=\"\" data-image-caption=\"\" data-medium-file=\"https:\/\/i0.wp.com\/finsk1946.dk\/wp-content\/uploads\/2014\/03\/Chip03.jpg?fit=300%2C292&amp;ssl=1\" data-large-file=\"https:\/\/i0.wp.com\/finsk1946.dk\/wp-content\/uploads\/2014\/03\/Chip03.jpg?fit=400%2C390&amp;ssl=1\" loading=\"lazy\" class=\"alignnone size-medium wp-image-71\" alt=\"Chip03\" src=\"https:\/\/i0.wp.com\/finsk1946.dk\/wp-content\/uploads\/2014\/03\/Chip03.jpg?resize=300%2C292\" width=\"300\" height=\"292\" srcset=\"https:\/\/i0.wp.com\/finsk1946.dk\/wp-content\/uploads\/2014\/03\/Chip03.jpg?resize=300%2C292&amp;ssl=1 300w, https:\/\/i0.wp.com\/finsk1946.dk\/wp-content\/uploads\/2014\/03\/Chip03.jpg?w=400&amp;ssl=1 400w\" sizes=\"(max-width: 300px) 100vw, 300px\" data-recalc-dims=\"1\" \/><\/a><\/td>\n<td align=\"center\" width=\"42%\"><b>Ja, det at lege i sneen<br \/>\ner dejligt, men ikke for vildt,<br \/>\nden er jo b\u00e5de kold og v\u00e5d.<\/b>&nbsp;<\/td>\n<\/tr>\n<tr>\n<td align=\"center\" width=\"50%\"><b>S\u00e5 er det meget bedre at<br \/>\nligge i l\u00e6nestolen, og hygge<br \/>\nsig med Hobby.<\/b><\/td>\n<td align=\"center\" width=\"42%\"><a href=\"https:\/\/i0.wp.com\/finsk1946.dk\/wp-content\/uploads\/2014\/03\/Chip04.jpg\"><img data-attachment-id=\"72\" data-permalink=\"https:\/\/finsk1946.dk\/?attachment_id=72\" data-orig-file=\"https:\/\/i0.wp.com\/finsk1946.dk\/wp-content\/uploads\/2014\/03\/Chip04.jpg?fit=400%2C237&amp;ssl=1\" data-orig-size=\"400,237\" data-comments-opened=\"0\" data-image-meta=\"{&quot;aperture&quot;:&quot;4&quot;,&quot;credit&quot;:&quot;&quot;,&quot;camera&quot;:&quot;Canon EOS 10D&quot;,&quot;caption&quot;:&quot;&quot;,&quot;created_timestamp&quot;:&quot;1109422911&quot;,&quot;copyright&quot;:&quot;&quot;,&quot;focal_length&quot;:&quot;39&quot;,&quot;iso&quot;:&quot;400&quot;,&quot;shutter_speed&quot;:&quot;0.05&quot;,&quot;title&quot;:&quot;&quot;}\" data-image-title=\"Chip04\" data-image-description=\"\" data-image-caption=\"\" data-medium-file=\"https:\/\/i0.wp.com\/finsk1946.dk\/wp-content\/uploads\/2014\/03\/Chip04.jpg?fit=300%2C177&amp;ssl=1\" data-large-file=\"https:\/\/i0.wp.com\/finsk1946.dk\/wp-content\/uploads\/2014\/03\/Chip04.jpg?fit=400%2C237&amp;ssl=1\" loading=\"lazy\" class=\"alignnone size-medium wp-image-72\" alt=\"Chip04\" src=\"https:\/\/i0.wp.com\/finsk1946.dk\/wp-content\/uploads\/2014\/03\/Chip04.jpg?resize=300%2C177\" width=\"300\" height=\"177\" srcset=\"https:\/\/i0.wp.com\/finsk1946.dk\/wp-content\/uploads\/2014\/03\/Chip04.jpg?resize=300%2C177&amp;ssl=1 300w, https:\/\/i0.wp.com\/finsk1946.dk\/wp-content\/uploads\/2014\/03\/Chip04.jpg?w=400&amp;ssl=1 400w\" sizes=\"(max-width: 300px) 100vw, 300px\" data-recalc-dims=\"1\" \/><\/a><\/td>\n<\/tr>\n<\/tbody>\n<\/table>\n","protected":false},"excerpt":{"rendered":"<p>Chip (Vedhauge Chip) Dv\u00e6rg Pinscher, f\u00f8dt den 10.05.1999 D\u00f8de desv\u00e6rre 29.08.2006 Han er fra Kennel Vedhauge v\/Jytte Pedersen. Hans far Royal Boru Capten Cook (DKCH) er opdr\u00e6tte i Finland, men er importeret til Danmark. Hans mor er Vedhauge Oline (DKCH) &hellip; <a href=\"https:\/\/finsk1946.dk\/?page_id=153\">L\u00e6s resten <span class=\"meta-nav\">&rarr;<\/span><\/a><\/p>\n","protected":false},"author":1,"featured_media":0,"parent":11,"menu_order":30,"comment_status":"closed","ping_status":"closed","template":"","meta":[],"jetpack_sharing_enabled":true,"jetpack_shortlink":"https:\/\/wp.me\/P6Pn4t-2t","jetpack-related-posts":[{"id":23,"url":"https:\/\/finsk1946.dk\/?page_id=23","url_meta":{"origin":153,"position":0},"title":"Joy","date":"25. januar 2014","format":false,"excerpt":"Joy (Vedhauge Joy) Dv\u00e6rg Pinscher, F\u00f8dt 29.03.2006 D\u00f8d 14.12.1919 Han er fra Kennel Vedhauge v\/Jytte Pedersen. Hans far Blue-Star Nemo (DKCH, SCH), er opdr\u00e6tte i Ungarn, men er importeret til Sverige. Hans mor er Exigor's Simba Zue er opdr\u00e6ttet i Sverige men er importeret til Danmark, og ejes af Kennel\u2026","rel":"","context":"Similar post","img":{"alt_text":"","src":"https:\/\/i0.wp.com\/finsk1946.dk\/wp-content\/uploads\/2014\/03\/Joy01-213x300.jpg?resize=350%2C200","width":350,"height":200},"classes":[]},{"id":27,"url":"https:\/\/finsk1946.dk\/?page_id=27","url_meta":{"origin":153,"position":1},"title":"Mea","date":"25. januar 2014","format":false,"excerpt":"Mea (Vedhauge Chip) Dv\u00e6rg Pinscher, f\u00f8dt den 09.09.2009 Far: Vedhauge Kimi - Mor: Vedhauge Holly Ja, \u00f8rerne er stadig ikke s\u00e5 h\u00f8jt st\u00e5ende. Lydig hund - SIT Her har jeg det sk\u00f8nt, dejlig pude. Han er nu en flot fyr ham Kimi, og s\u00e5 er han ogs\u00e5 min far","rel":"","context":"Similar post","img":{"alt_text":"","src":"https:\/\/i0.wp.com\/finsk1946.dk\/wp-content\/uploads\/2014\/03\/Mea01-287x300.jpg?resize=350%2C200","width":350,"height":200},"classes":[]},{"id":25,"url":"https:\/\/finsk1946.dk\/?page_id=25","url_meta":{"origin":153,"position":2},"title":"Kimi","date":"25. januar 2014","format":false,"excerpt":"Kimi (Vedhauge Kimi) Dv\u00e6rg Pinscher F\u00f8dt 30.10.2007 D\u00f8d 06.09.2022 (15 \u00e5r gammel) Han er fra Kennel Vedhauge v\/Jytte Pedersen. Hans far A'Dreams Soldier er opdr\u00e6tte i Finland, men har v\u00e6ret l\u00e5nt ud til Kennel Vedhauge, til opdr\u00e6t. Hans mor er Vedhauge Fie er opdr\u00e6tte i Danmark. F\u00e5 dage gammel Her\u2026","rel":"","context":"Similar post","img":{"alt_text":"","src":"https:\/\/i0.wp.com\/finsk1946.dk\/wp-content\/uploads\/2014\/03\/Kimi01-300x265.jpg?resize=350%2C200","width":350,"height":200},"classes":[]},{"id":21,"url":"https:\/\/finsk1946.dk\/?page_id=21","url_meta":{"origin":153,"position":3},"title":"Hobby","date":"25. januar 2014","format":false,"excerpt":"Hobby Vedhauge Hobby F\u00f8dt 13.10.2004 D\u00f8d 21.01.2021 (16 \u00e5r gammel) Far: Exigor\u2019s Bingo in Black Mor: Vedhauge Chanel Hobby er fra Kennel Vedhauge v\/Jytte Pedersen P\u00e5 billedet er Hobby blevet \u00bd \u00e5r, og \u00f8rerne er blevet flot st\u00e5ende. Hyggestund med Chip, det er Hobby bagerst Uha, det er koldt i\u2026","rel":"","context":"Similar post","img":{"alt_text":"Hobby01","src":"https:\/\/i0.wp.com\/finsk1946.dk\/wp-content\/uploads\/2014\/03\/Hobby01-300x229.jpg?resize=350%2C200","width":350,"height":200},"classes":[]},{"id":11,"url":"https:\/\/finsk1946.dk\/?page_id=11","url_meta":{"origin":153,"position":4},"title":"Hunde","date":"25. januar 2014","format":false,"excerpt":"Jeg har stort set hele mit liv haft hunde. PT. har jeg 4 Dv\u00e6rg Pinschere, som alle kommer fra Kennel Vedhauge. Jeg har tidligere haft Dobberman, Sch\u00e6fer, Welsh Terrier, Basenji og Greyhound.","rel":"","context":"Similar post","img":{"alt_text":"","src":"","width":0,"height":0},"classes":[]},{"id":155,"url":"https:\/\/finsk1946.dk\/?page_id=155","url_meta":{"origin":153,"position":5},"title":"Fuffu","date":"1. marts 2014","format":false,"excerpt":"Fuffu (Greyfarm On Time) Greyhound, f\u00f8dt den 15.06.2003 D\u00f8de desv\u00e6rre 14.12.2006 Han er fra Sverige, fra Kennel Greyfarm v\/Lotte \u00d8rum og Henning Olesen, som nu er bosat i Irland. Hans far Real Revenge er opdr\u00e6tte i Australien, men er importeret til Sverige. Hans mor er Miss Muggins er opdr\u00e6tte i\u2026","rel":"","context":"Similar post","img":{"alt_text":"","src":"https:\/\/i0.wp.com\/finsk1946.dk\/wp-content\/uploads\/2014\/03\/Fufu02-300x274.jpg?resize=350%2C200","width":350,"height":200},"classes":[]}],"_links":{"self":[{"href":"https:\/\/finsk1946.dk\/index.php?rest_route=\/wp\/v2\/pages\/153"}],"collection":[{"href":"https:\/\/finsk1946.dk\/index.php?rest_route=\/wp\/v2\/pages"}],"about":[{"href":"https:\/\/finsk1946.dk\/index.php?rest_route=\/wp\/v2\/types\/page"}],"author":[{"embeddable":true,"href":"https:\/\/finsk1946.dk\/index.php?rest_route=\/wp\/v2\/users\/1"}],"replies":[{"embeddable":true,"href":"https:\/\/finsk1946.dk\/index.php?rest_route=%2Fwp%2Fv2%2Fcomments&post=153"}],"version-history":[{"count":3,"href":"https:\/\/finsk1946.dk\/index.php?rest_route=\/wp\/v2\/pages\/153\/revisions"}],"predecessor-version":[{"id":161,"href":"https:\/\/finsk1946.dk\/index.php?rest_route=\/wp\/v2\/pages\/153\/revisions\/161"}],"up":[{"embeddable":true,"href":"https:\/\/finsk1946.dk\/index.php?rest_route=\/wp\/v2\/pages\/11"}],"wp:attachment":[{"href":"https:\/\/finsk1946.dk\/index.php?rest_route=%2Fwp%2Fv2%2Fmedia&parent=153"}],"curies":[{"name":"wp","href":"https:\/\/api.w.org\/{rel}","templated":true}]}}