{"id":11,"date":"2014-01-25T18:33:09","date_gmt":"2014-01-25T18:33:09","guid":{"rendered":"http:\/\/finsk1946.dk\/?page_id=11"},"modified":"2014-01-25T18:38:39","modified_gmt":"2014-01-25T18:38:39","slug":"hunde","status":"publish","type":"page","link":"https:\/\/finsk1946.dk\/?page_id=11","title":{"rendered":"Hunde"},"content":{"rendered":"<p>Jeg har stort set hele mit liv haft hunde.<\/p>\n<p>PT. har jeg 4 Dv\u00e6rg Pinschere, som alle kommer fra <a title=\"Kennel Vedhauge\" href=\"http:\/\/vedhauge.dk\" target=\"_blank\">Kennel Vedhauge.<\/a><\/p>\n<p>Jeg har tidligere haft Dobberman, Sch\u00e6fer, Welsh Terrier, Basenji og Greyhound.<\/p>\n","protected":false},"excerpt":{"rendered":"<p>Jeg har stort set hele mit liv haft hunde. PT. har jeg 4 Dv\u00e6rg Pinschere, som alle kommer fra Kennel Vedhauge. Jeg har tidligere haft Dobberman, Sch\u00e6fer, Welsh Terrier, Basenji og Greyhound.<\/p>\n","protected":false},"author":1,"featured_media":0,"parent":6,"menu_order":10,"comment_status":"closed","ping_status":"closed","template":"","meta":[],"jetpack_sharing_enabled":true,"jetpack_shortlink":"https:\/\/wp.me\/P6Pn4t-b","jetpack-related-posts":[{"id":4,"url":"https:\/\/finsk1946.dk\/","url_meta":{"origin":11,"position":0},"title":"Hvem er jeg","date":"25. januar 2014","format":false,"excerpt":"I dag er jeg pensionist, med mange gode interesser. Tidligere har jeg arbejdet p\u00e5 K\u00f8benhavns Universitet i IT-afdelingen i mere end 40 \u00e5r. Jeg har spillet trompet siden jeg var 10 \u00e5r og dyrker stadig musik. Spiller i dag i et Brass Band samt 2 kvintetter. Jeg fik mit f\u00f8rste\u2026","rel":"","context":"Similar post","img":{"alt_text":"","src":"https:\/\/i0.wp.com\/finsk1946.dk\/wp-content\/uploads\/2014\/01\/DSC_0738-1-232x300.jpg?resize=350%2C200","width":350,"height":200},"classes":[]},{"id":157,"url":"https:\/\/finsk1946.dk\/?page_id=157","url_meta":{"origin":11,"position":1},"title":"Tidligere hunde","date":"1. marts 2014","format":false,"excerpt":"Hunde jeg tidligere har haft Her er diverse foto af hunde jeg har haft tidligere Dette er Bodo, en sk\u00f8n Dobberman. Han kom fra Tyskland, og vi hentede ham i Gedser. Han var transporteret i en tr\u00e6kasse, hvorp\u00e5 der stod \"Lebende tier\", s\u00e5 banearbejderne gjorde store \u00f8jne, og trak sig\u2026","rel":"","context":"Similar post","img":{"alt_text":"","src":"https:\/\/i0.wp.com\/finsk1946.dk\/wp-content\/uploads\/2014\/03\/Bodo01.jpg?resize=350%2C200","width":350,"height":200},"classes":[]},{"id":27,"url":"https:\/\/finsk1946.dk\/?page_id=27","url_meta":{"origin":11,"position":2},"title":"Mea","date":"25. januar 2014","format":false,"excerpt":"Mea (Vedhauge Chip) Dv\u00e6rg Pinscher, f\u00f8dt den 09.09.2009 Far: Vedhauge Kimi - Mor: Vedhauge Holly Ja, \u00f8rerne er stadig ikke s\u00e5 h\u00f8jt st\u00e5ende. Lydig hund - SIT Her har jeg det sk\u00f8nt, dejlig pude. Han er nu en flot fyr ham Kimi, og s\u00e5 er han ogs\u00e5 min far","rel":"","context":"Similar post","img":{"alt_text":"","src":"https:\/\/i0.wp.com\/finsk1946.dk\/wp-content\/uploads\/2014\/03\/Mea01-287x300.jpg?resize=350%2C200","width":350,"height":200},"classes":[]},{"id":23,"url":"https:\/\/finsk1946.dk\/?page_id=23","url_meta":{"origin":11,"position":3},"title":"Joy","date":"25. januar 2014","format":false,"excerpt":"Joy (Vedhauge Joy) Dv\u00e6rg Pinscher, F\u00f8dt 29.03.2006 D\u00f8d 14.12.1919 Han er fra Kennel Vedhauge v\/Jytte Pedersen. Hans far Blue-Star Nemo (DKCH, SCH), er opdr\u00e6tte i Ungarn, men er importeret til Sverige. Hans mor er Exigor's Simba Zue er opdr\u00e6ttet i Sverige men er importeret til Danmark, og ejes af Kennel\u2026","rel":"","context":"Similar post","img":{"alt_text":"","src":"https:\/\/i0.wp.com\/finsk1946.dk\/wp-content\/uploads\/2014\/03\/Joy01-213x300.jpg?resize=350%2C200","width":350,"height":200},"classes":[]},{"id":25,"url":"https:\/\/finsk1946.dk\/?page_id=25","url_meta":{"origin":11,"position":4},"title":"Kimi","date":"25. januar 2014","format":false,"excerpt":"Kimi (Vedhauge Kimi) Dv\u00e6rg Pinscher F\u00f8dt 30.10.2007 D\u00f8d 06.09.2022 (15 \u00e5r gammel) Han er fra Kennel Vedhauge v\/Jytte Pedersen. Hans far A'Dreams Soldier er opdr\u00e6tte i Finland, men har v\u00e6ret l\u00e5nt ud til Kennel Vedhauge, til opdr\u00e6t. Hans mor er Vedhauge Fie er opdr\u00e6tte i Danmark. F\u00e5 dage gammel Her\u2026","rel":"","context":"Similar post","img":{"alt_text":"","src":"https:\/\/i0.wp.com\/finsk1946.dk\/wp-content\/uploads\/2014\/03\/Kimi01-300x265.jpg?resize=350%2C200","width":350,"height":200},"classes":[]},{"id":21,"url":"https:\/\/finsk1946.dk\/?page_id=21","url_meta":{"origin":11,"position":5},"title":"Hobby","date":"25. januar 2014","format":false,"excerpt":"Hobby Vedhauge Hobby F\u00f8dt 13.10.2004 D\u00f8d 21.01.2021 (16 \u00e5r gammel) Far: Exigor\u2019s Bingo in Black Mor: Vedhauge Chanel Hobby er fra Kennel Vedhauge v\/Jytte Pedersen P\u00e5 billedet er Hobby blevet \u00bd \u00e5r, og \u00f8rerne er blevet flot st\u00e5ende. Hyggestund med Chip, det er Hobby bagerst Uha, det er koldt i\u2026","rel":"","context":"Similar post","img":{"alt_text":"Hobby01","src":"https:\/\/i0.wp.com\/finsk1946.dk\/wp-content\/uploads\/2014\/03\/Hobby01-300x229.jpg?resize=350%2C200","width":350,"height":200},"classes":[]}],"_links":{"self":[{"href":"https:\/\/finsk1946.dk\/index.php?rest_route=\/wp\/v2\/pages\/11"}],"collection":[{"href":"https:\/\/finsk1946.dk\/index.php?rest_route=\/wp\/v2\/pages"}],"about":[{"href":"https:\/\/finsk1946.dk\/index.php?rest_route=\/wp\/v2\/types\/page"}],"author":[{"embeddable":true,"href":"https:\/\/finsk1946.dk\/index.php?rest_route=\/wp\/v2\/users\/1"}],"replies":[{"embeddable":true,"href":"https:\/\/finsk1946.dk\/index.php?rest_route=%2Fwp%2Fv2%2Fcomments&post=11"}],"version-history":[{"count":3,"href":"https:\/\/finsk1946.dk\/index.php?rest_route=\/wp\/v2\/pages\/11\/revisions"}],"predecessor-version":[{"id":20,"href":"https:\/\/finsk1946.dk\/index.php?rest_route=\/wp\/v2\/pages\/11\/revisions\/20"}],"up":[{"embeddable":true,"href":"https:\/\/finsk1946.dk\/index.php?rest_route=\/wp\/v2\/pages\/6"}],"wp:attachment":[{"href":"https:\/\/finsk1946.dk\/index.php?rest_route=%2Fwp%2Fv2%2Fmedia&parent=11"}],"curies":[{"name":"wp","href":"https:\/\/api.w.org\/{rel}","templated":true}]}}